{"id":5,"date":"2018-04-11T21:08:00","date_gmt":"2018-04-11T21:08:00","guid":{"rendered":"http:\/\/wp-salerno:8888\/?page_id=5"},"modified":"2025-09-29T18:10:02","modified_gmt":"2025-09-29T18:10:02","slug":"consommateur","status":"publish","type":"page","link":"https:\/\/blackrivercheese.com\/fr","title":{"rendered":"Black River Cheese"},"content":{"rendered":"\n<p>\u00c9tablie en 1901 dans le comt\u00e9 de Prince Edward, en Ontario, Black River Cheese est reconnue pour son engagement passionn\u00e9 \u00e0 ne r\u00e9aliser que les fromages de la plus fine qualit\u00e9 en mettant l\u2019accent sur les ingr\u00e9dients naturels et locaux. L\u2019expertise et le d\u00e9vouement de nos agriculteurs et fromagers de la r\u00e9gion brillent dans tout ce que nous faisons.<\/p>\n","protected":false},"excerpt":{"rendered":"<p>\u00c9tablie en 1901 dans le comt\u00e9 de Prince Edward, en Ontario, Black River Cheese est reconnue pour son engagement passionn\u00e9 \u00e0 ne r\u00e9aliser que les fromages de la plus fine qualit\u00e9 en mettant l\u2019accent sur les ingr\u00e9dients naturels et locaux. L\u2019expertise et le d\u00e9vouement de nos agriculteurs et fromagers de la r\u00e9gion brillent dans tout [&hellip;]<\/p>\n","protected":false},"author":1,"featured_media":0,"parent":0,"menu_order":0,"comment_status":"closed","ping_status":"open","template":"","meta":{"footnotes":""},"class_list":["post-5","page","type-page","status-publish","hentry"],"_links":{"self":[{"href":"https:\/\/blackrivercheese.com\/fr\/index.php?rest_route=\/wp\/v2\/pages\/5","targetHints":{"allow":["GET"]}}],"collection":[{"href":"https:\/\/blackrivercheese.com\/fr\/index.php?rest_route=\/wp\/v2\/pages"}],"about":[{"href":"https:\/\/blackrivercheese.com\/fr\/index.php?rest_route=\/wp\/v2\/types\/page"}],"author":[{"embeddable":true,"href":"https:\/\/blackrivercheese.com\/fr\/index.php?rest_route=\/wp\/v2\/users\/1"}],"replies":[{"embeddable":true,"href":"https:\/\/blackrivercheese.com\/fr\/index.php?rest_route=%2Fwp%2Fv2%2Fcomments&post=5"}],"version-history":[{"count":4,"href":"https:\/\/blackrivercheese.com\/fr\/index.php?rest_route=\/wp\/v2\/pages\/5\/revisions"}],"predecessor-version":[{"id":16326,"href":"https:\/\/blackrivercheese.com\/fr\/index.php?rest_route=\/wp\/v2\/pages\/5\/revisions\/16326"}],"wp:attachment":[{"href":"https:\/\/blackrivercheese.com\/fr\/index.php?rest_route=%2Fwp%2Fv2%2Fmedia&parent=5"}],"curies":[{"name":"wp","href":"https:\/\/api.w.org\/{rel}","templated":true}]}}